{"id":134,"date":"2023-01-05T14:47:15","date_gmt":"2023-01-05T14:47:15","guid":{"rendered":"https:\/\/grupgirosoler.cat\/?page_id=134"},"modified":"2026-02-06T13:24:56","modified_gmt":"2026-02-06T12:24:56","slug":"que-hacemos","status":"publish","type":"page","link":"https:\/\/agrocarnicavallcamprodon.cat\/es\/que-hacemos\/","title":{"rendered":"Qu\u00e9 hacemos"},"content":{"rendered":"<p data-start=\"533\" data-end=\"670\">Ofrecemos productos y formatos pensados para cubrir las necesidades de profesionales y particulares, bajo criterios de calidad y control.<\/p>\n<p data-start=\"672\" data-end=\"698\"><strong data-start=\"672\" data-end=\"698\">Para qui\u00e9n trabajamos:<\/strong><\/p>\n<ul>\n<li data-start=\"700\" data-end=\"775\"><strong data-start=\"700\" data-end=\"730\">Restauraci\u00f3n y hosteler\u00eda:<\/strong> formatos eficientes, regularidad y servicio.<\/li>\n<li data-start=\"777\" data-end=\"852\"><strong data-start=\"777\" data-end=\"805\">Comercio y alimentaci\u00f3n:<\/strong> soporte y producto adaptado al punto de venta.<\/li>\n<li data-start=\"854\" data-end=\"918\"><strong data-start=\"854\" data-end=\"871\">Particulares:<\/strong> compra directa y orientaci\u00f3n seg\u00fan el consumo.<\/li>\n<\/ul>\n<p><strong data-start=\"925\" data-end=\"936\">Proceso:<\/strong><\/p>\n<ul>\n<li data-start=\"937\" data-end=\"1027\">Selecci\u00f3n y control<\/li>\n<li data-start=\"937\" data-end=\"1027\">Preparaci\u00f3n y formatos<\/li>\n<li data-start=\"937\" data-end=\"1027\">Trazabilidad y calidad<\/li>\n<li data-start=\"937\" data-end=\"1027\">Servicio y entrega<\/li>\n<\/ul>\n","protected":false},"excerpt":{"rendered":"<p>Ofrecemos productos y formatos pensados para cubrir las necesidades de profesionales y particulares, bajo criterios de calidad y control. Para qui\u00e9n trabajamos: Restauraci\u00f3n y hosteler\u00eda: formatos eficientes, regularidad y servicio. Comercio y alimentaci\u00f3n: soporte y producto adaptado al punto de venta. Particulares: compra directa y orientaci\u00f3n seg\u00fan el consumo. Proceso: Selecci\u00f3n y control Preparaci\u00f3n y [&hellip;]<\/p>\n","protected":false},"author":1,"featured_media":0,"parent":0,"menu_order":3,"comment_status":"closed","ping_status":"closed","template":"template-simple.php","meta":{"footnotes":""},"class_list":["post-134","page","type-page","status-publish","hentry"],"aioseo_notices":[],"_links":{"self":[{"href":"https:\/\/agrocarnicavallcamprodon.cat\/es\/wp-json\/wp\/v2\/pages\/134","targetHints":{"allow":["GET"]}}],"collection":[{"href":"https:\/\/agrocarnicavallcamprodon.cat\/es\/wp-json\/wp\/v2\/pages"}],"about":[{"href":"https:\/\/agrocarnicavallcamprodon.cat\/es\/wp-json\/wp\/v2\/types\/page"}],"author":[{"embeddable":true,"href":"https:\/\/agrocarnicavallcamprodon.cat\/es\/wp-json\/wp\/v2\/users\/1"}],"replies":[{"embeddable":true,"href":"https:\/\/agrocarnicavallcamprodon.cat\/es\/wp-json\/wp\/v2\/comments?post=134"}],"version-history":[{"count":9,"href":"https:\/\/agrocarnicavallcamprodon.cat\/es\/wp-json\/wp\/v2\/pages\/134\/revisions"}],"predecessor-version":[{"id":234,"href":"https:\/\/agrocarnicavallcamprodon.cat\/es\/wp-json\/wp\/v2\/pages\/134\/revisions\/234"}],"wp:attachment":[{"href":"https:\/\/agrocarnicavallcamprodon.cat\/es\/wp-json\/wp\/v2\/media?parent=134"}],"curies":[{"name":"wp","href":"https:\/\/api.w.org\/{rel}","templated":true}]}}